{"id":10,"date":"2019-02-13T16:38:11","date_gmt":"2019-02-13T15:38:11","guid":{"rendered":"http:\/\/magefi.economie.u-bordeaux.fr\/hestia-front\/"},"modified":"2025-04-13T11:41:20","modified_gmt":"2025-04-13T09:41:20","slug":"hestia-front","status":"publish","type":"page","link":"https:\/\/magistere.economie.u-bordeaux.fr\/?page_id=10","title":{"rendered":"Magist\u00e8re de Sciences Economiques"},"content":{"rendered":"\n<div style=\"text-align:justify\">\n<p style=\"color:DimGrey\"> <br> \n\nFormations s\u00e9lectives sur trois ans, les Magist\u00e8res sont la \u00ab\u00a0Grande Ecole \u00e0 l&rsquo;Universit\u00e9\u00a0\u00bb. Reconnus dans les <span style=\"text-decoration: underline;\"><strong><a href=\"https:\/\/www.enseignementsup-recherche.gouv.fr\/fr\/formations-diplomes-etablissements-50297\">formations officielles<\/a><\/strong><\/span> fran\u00e7aises, ils allient \u00e0 la fois excellence, professionnalisation et formation par la recherche. Le Magist\u00e8re de Sciences \u00c9conomiques de Bordeaux est ainsi le parcours d\u2019excellence en Sciences Economiques \u00e0 l&rsquo;Universit\u00e9 de Bordeaux. Il permet d\u2019acqu\u00e9rir trois dipl\u00f4mes: une Licence d\u2019\u00e9conomie-gestion, un Master en \u00e9conomie et le dipl\u00f4me de Magist\u00e8re.<br><br>\n\nCr\u00e9\u00e9 en 1987, le Magist\u00e8re de Bordeaux est l\u2019un des plus anciens de France. Depuis 2021, il offre deux parcours au choix: le <strong>MAGEFI<\/strong>, menant aux m\u00e9tiers de la banque, de la finance, de la conjoncture et du commerce international, et le <strong>MAGEVAL<\/strong>, conduisant \u00e0 des carri\u00e8res d\u2019analyse et d\u2019\u00e9valuation des politiques publiques dans de nombreux domaines (social, sant\u00e9, environnement, innovation,\u2026) ainsi qu\u2019aux divers m\u00e9tiers du d\u00e9veloppement. <br><br>\n\nLe Magist\u00e8re, c\u2019est aussi profiter de la qualit\u00e9 de vie de la m\u00e9tropole bordelaise, d\u2019une ville universitaire riche de culture et d\u2019\u00e9v\u00e8nements sportifs et musicaux, ainsi que de la dynamique de recherche du Bordeaux School of Economics, l&rsquo;un des plus grands centres de recherche fran\u00e7ais en sciences \u00e9conomiques (160 enseignants-chercheurs, doctorants et post-docs).<br><br>\n \n<\/p><\/div>\n\n\n\n<pre class=\"wp-block-code\"><code><\/code><\/pre>\n\n\n<div class=\"wp-block-image is-resized is-style-default\">\n<figure class=\"aligncenter size-large\"><img fetchpriority=\"high\" decoding=\"async\" width=\"754\" height=\"424\" src=\"http:\/\/magistere.economie.u-bordeaux.fr\/wp-content\/uploads\/sites\/4\/2021\/02\/Accueil1.jpg\" alt=\"\" class=\"wp-image-1190\" srcset=\"https:\/\/magistere.economie.u-bordeaux.fr\/wp-content\/uploads\/2021\/02\/Accueil1.jpg 754w, https:\/\/magistere.economie.u-bordeaux.fr\/wp-content\/uploads\/2021\/02\/Accueil1-300x169.jpg 300w\" sizes=\"(max-width: 754px) 100vw, 754px\" \/><\/figure>\n<\/div>\n\n\n<div style=\"text-align:justify\">\n<p style=\"color:DimGrey\"> <br><br>\n\nLe Magist\u00e8re est une formation exigeante, accessible \u00e0 partir de la 2\u00e8me ann\u00e9e de licence ou de classe pr\u00e9paratoire (D2, Kh\u00e2gne B\/L, pr\u00e9pas scientifiques et commerciales, D1 avec option maths, \u2026), pour des \u00e9tudiants motiv\u00e9s et d\u00e9montrant un int\u00e9r\u00eat pour l\u2019\u00e9conomie, les sciences sociales, et une formulation r\u00e9solument quantitatives (\u00e9conom\u00e9trie, m\u00e9thodes d&rsquo;\u00e9valuation, outils financiers, etc.). Une formation fortement internationale, avec des cours de langue en petits groupes, de nombreux cours d&rsquo;\u00e9conomie en anglais, et une mobilit\u00e9 d\u2019un semestre obligatoire \u00e0 l&rsquo;\u00e9tranger s&rsquo;appuyant sur un large choix d&rsquo;universit\u00e9s partenaires dans le monde entier. <br><br>\n\n\n<\/p><\/div>\n\n\n\n<div style=\"text-align:justify\">\n<p style=\"color:DimGrey\"> \n\nLes \u00e9tudiants du Magist\u00e8re profitent d\u2019une formation sur mesure avec des promotions de taille r\u00e9duite (environ 20 \u00e9tudiants par parcours). Cette formation s\u2019adapte \u00e0 la mutation rapide du monde et au besoin accru de jeunes professionnels conscients de leur environnement. Elle leur permettra de savoir extraire le meilleur de l\u2019immense masse d\u2019informations aujourd\u2019hui \u00e0 la disposition des entreprises et des administrations. <br><br>\n\nPour ce faire, nos \u00e9tudiants acqui\u00e8rent des comp\u00e9tences de haut niveau en \u00e9conomie, en statistiques et \u00e9conom\u00e9trie appliqu\u00e9e, \u00e9valuation d\u2019impact, intelligence artificielle, \u00e9conomie exp\u00e9rimentale, mod\u00e9lisation th\u00e9orique\u2026 et des connaissances concr\u00e8tes avec de nombreux cours appliqu\u00e9s pour le parcours <strong>MAGEFI<\/strong> (finance d\u2019entreprise, finance de march\u00e9, commerce international, macro\u00e9conomie internationale\u2026) et pour le parcours <strong>MAGEVAL<\/strong> (\u00e9conomie de la sant\u00e9, de l\u2019environnement, du march\u00e9 du travail, du d\u00e9veloppement).<br><br>\n\n<\/p><\/div>\n\n\n\n<figure class=\"wp-block-image size-large\"><img decoding=\"async\" width=\"1024\" height=\"582\" src=\"http:\/\/magistere.economie.u-bordeaux.fr\/wp-content\/uploads\/sites\/4\/2022\/01\/IMG_1860-2-1024x582.jpg\" alt=\"\" class=\"wp-image-1522\" srcset=\"https:\/\/magistere.economie.u-bordeaux.fr\/wp-content\/uploads\/2022\/01\/IMG_1860-2-1024x582.jpg 1024w, https:\/\/magistere.economie.u-bordeaux.fr\/wp-content\/uploads\/2022\/01\/IMG_1860-2-300x171.jpg 300w, https:\/\/magistere.economie.u-bordeaux.fr\/wp-content\/uploads\/2022\/01\/IMG_1860-2-768x437.jpg 768w, https:\/\/magistere.economie.u-bordeaux.fr\/wp-content\/uploads\/2022\/01\/IMG_1860-2-1536x874.jpg 1536w, https:\/\/magistere.economie.u-bordeaux.fr\/wp-content\/uploads\/2022\/01\/IMG_1860-2-2048x1165.jpg 2048w\" sizes=\"(max-width: 1024px) 100vw, 1024px\" \/><\/figure>\n\n\n\n<div style=\"text-align:justify\">\n<p style=\"color:DimGrey\"> <br><br>\n\nNotre mission est d\u2019assurer un avenir professionnel de qualit\u00e9 \u00e0 nos \u00e9tudiants en suscitant l\u2019int\u00e9r\u00eat des recruteurs. Les deux parcours du Magist\u00e8re profitent donc de l\u2019apport de chercheurs de haut niveau initiant les magist\u00e9riens aux techniques avanc\u00e9es et aux outils modernes, leur permettant d\u2019entrer avec cr\u00e9dibilit\u00e9 sur le march\u00e9 du travail. Un atout majeur du Magist\u00e8re de Bordeaux est la rencontre entre nos \u00e9tudiants et de nombreux intervenants professionnels, \u00e0 la fois pour le <strong>MAGEFI<\/strong> (responsables de salle de march\u00e9, traders, charg\u00e9s d\u2019\u00e9tude, \u00e9conomistes dans des organismes de recherche ou banques centrales, etc.) et pour le <strong>MAGEVAL<\/strong> (analystes seniors et \u00e9conomistes d\u2019organisations internationales, administrateurs et responsables politiques, d\u00e9cideurs publics, etc.). Ces intervenants, souvent des anciens de nos formations ou membres de nos r\u00e9seaux, sont des experts reconnus et \u0153uvrant dans des organisations de renom (Natixis, Amundi, Deloitte, KPMG, Banque de France, Minist\u00e8res et d\u00e9partements d\u2019\u00e9tudes, Agence Fran\u00e7aise de D\u00e9veloppement, OFCE, Banque Mondiale, UNICEF, FAO, OCDE, OIT, etc.).<br><br>  \n\nLe Magist\u00e8re de Bordeaux offre \u00e9galement une exp\u00e9rience humaine rare \u00e0 l\u2019universit\u00e9 gr\u00e2ce \u00e0 l\u2019association <strong>MAGECO<\/strong>. V\u00e9ritable Bureau des \u00c9l\u00e8ves, elle assure l\u2019animation de la vie \u00e9tudiante, la coh\u00e9sion de toutes les promotions et le mentoring par des repr\u00e9sentants de la troisi\u00e8me ann\u00e9e, facilitant ainsi l\u2019int\u00e9gration des nouveaux \u00e9tudiants. En collaboration avec les responsables de formation, elle aide \u00e0 la coordination avec le r\u00e9seau d\u2019anciens \u00e9l\u00e8ves et des activit\u00e9s de type after-work. Le lien rapproch\u00e9 avec les Alumnis est un \u00e9l\u00e9ment cl\u00e9 pour la recherche de stages et l\u2019entr\u00e9e dans le monde du travail.<br><br>\n\n<\/p><\/div>\n\n\n<div class=\"wp-block-image\">\n<figure class=\"aligncenter size-full\"><img decoding=\"async\" width=\"450\" height=\"253\" src=\"https:\/\/magistere.economie.u-bordeaux.fr\/wp-content\/uploads\/sites\/4\/2022\/04\/fgnopporn180400003.jpg\" alt=\"\" class=\"wp-image-1778\" srcset=\"https:\/\/magistere.economie.u-bordeaux.fr\/wp-content\/uploads\/2022\/04\/fgnopporn180400003.jpg 450w, https:\/\/magistere.economie.u-bordeaux.fr\/wp-content\/uploads\/2022\/04\/fgnopporn180400003-350x197.jpg 350w\" sizes=\"(max-width: 450px) 100vw, 450px\" \/><\/figure>\n<\/div>\n\n\n<div style=\"text-align:justify\">\n<p style=\"color:DimGrey\"> <br><br>\n\nEnfin, notre mission est celle de l\u2019Universit\u00e9. Face aux turbulences du monde, nos \u00e9quipes p\u00e9dagogiques transmettent une solide culture \u00e9conomique, essentielle pour d\u00e9crypter la complexit\u00e9 du r\u00e9el et avancer. La formation universitaire a pour ambition d\u2019\u00e9veiller chez les \u00e9tudiants un esprit critique, capable de d\u00e9jouer les fausses causalit\u00e9s. Elle leur apprend \u00e0 apprendre, \u00e0 douter, \u00e0 cultiver l\u2019esprit des Lumi\u00e8res pour faire d\u2019eux les artisans d\u2019un monde plus raisonnable, mieux inform\u00e9, mieux construit. L\u2019Universit\u00e9 fournit des outils rapidement mobilisables dans la vie professionnelle, mais aussi un savoir plus profond, qui leur permettra de prendre de la hauteur et d\u2019\u00eatre porteurs de progr\u00e8s et d\u2019id\u00e9es nouvelles dans une soci\u00e9t\u00e9 \u00e0 r\u00e9inventer. <br><br>\n\n<\/p><\/div>\n\n\n\n<div style=\"text-align:right\">\n <p style=\"color:DimGrey\"> <br><br>\n\nOlivier Bargain et Cristina Badarau <br>\nResponsables du Magist\u00e8re d&rsquo;Economie de Bordeaux\n<\/p>\n<\/div>\n\n\n<figure class=\"wp-block-image alignright is-resized is-style-rounded\"><img loading=\"lazy\" decoding=\"async\" width=\"1024\" height=\"729\" src=\"http:\/\/magistere.economie.u-bordeaux.fr\/wp-content\/uploads\/sites\/4\/2019\/12\/Uni-1-1024x729.gif\" alt=\"\" class=\"wp-image-794\" style=\"width: 266px; height: 189px;\" \/><\/figure>\n\n\n<figure class=\"wp-block-image size-large is-resized\"><img loading=\"lazy\" decoding=\"async\" width=\"1124\" height=\"856\" src=\"http:\/\/magistere.economie.u-bordeaux.fr\/wp-content\/uploads\/sites\/4\/2022\/04\/bse-logo-1124x856.jpg\" alt=\"\" class=\"wp-image-1782\" style=\"aspect-ratio:1.3263598326359833;width:240px;height:auto\" srcset=\"https:\/\/magistere.economie.u-bordeaux.fr\/wp-content\/uploads\/2022\/04\/bse-logo-1124x856.jpg 1124w, https:\/\/magistere.economie.u-bordeaux.fr\/wp-content\/uploads\/2022\/04\/bse-logo-350x267.jpg 350w, https:\/\/magistere.economie.u-bordeaux.fr\/wp-content\/uploads\/2022\/04\/bse-logo-768x585.jpg 768w, https:\/\/magistere.economie.u-bordeaux.fr\/wp-content\/uploads\/2022\/04\/bse-logo.jpg 1421w\" sizes=\"(max-width: 1124px) 100vw, 1124px\" \/><\/figure>\n","protected":false},"excerpt":{"rendered":"<p>Formations s\u00e9lectives sur trois ans, les Magist\u00e8res sont la \u00ab\u00a0Grande Ecole \u00e0 l&rsquo;Universit\u00e9\u00a0\u00bb. Reconnus dans les formations officielles fran\u00e7aises, ils allient \u00e0 la fois excellence, professionnalisation et formation par la recherche. Le Magist\u00e8re de Sciences \u00c9conomiques de Bordeaux est ainsi le parcours d\u2019excellence en Sciences Economiques \u00e0 l&rsquo;Universit\u00e9 de Bordeaux. [&hellip;]<\/p>\n","protected":false},"author":1,"featured_media":0,"parent":0,"menu_order":0,"comment_status":"closed","ping_status":"closed","template":"page-templates\/template-fullwidth.php","meta":{"footnotes":""},"class_list":["post-10","page","type-page","status-publish","hentry"],"_links":{"self":[{"href":"https:\/\/magistere.economie.u-bordeaux.fr\/index.php?rest_route=\/wp\/v2\/pages\/10","targetHints":{"allow":["GET"]}}],"collection":[{"href":"https:\/\/magistere.economie.u-bordeaux.fr\/index.php?rest_route=\/wp\/v2\/pages"}],"about":[{"href":"https:\/\/magistere.economie.u-bordeaux.fr\/index.php?rest_route=\/wp\/v2\/types\/page"}],"author":[{"embeddable":true,"href":"https:\/\/magistere.economie.u-bordeaux.fr\/index.php?rest_route=\/wp\/v2\/users\/1"}],"replies":[{"embeddable":true,"href":"https:\/\/magistere.economie.u-bordeaux.fr\/index.php?rest_route=%2Fwp%2Fv2%2Fcomments&post=10"}],"version-history":[{"count":103,"href":"https:\/\/magistere.economie.u-bordeaux.fr\/index.php?rest_route=\/wp\/v2\/pages\/10\/revisions"}],"predecessor-version":[{"id":2505,"href":"https:\/\/magistere.economie.u-bordeaux.fr\/index.php?rest_route=\/wp\/v2\/pages\/10\/revisions\/2505"}],"wp:attachment":[{"href":"https:\/\/magistere.economie.u-bordeaux.fr\/index.php?rest_route=%2Fwp%2Fv2%2Fmedia&parent=10"}],"curies":[{"name":"wp","href":"https:\/\/api.w.org\/{rel}","templated":true}]}}