{"id":1169,"date":"2021-02-01T14:32:53","date_gmt":"2021-02-01T13:32:53","guid":{"rendered":"http:\/\/magistere.economie.u-bordeaux.fr\/?page_id=1169"},"modified":"2025-04-13T11:53:34","modified_gmt":"2025-04-13T09:53:34","slug":"le-magefi","status":"publish","type":"page","link":"https:\/\/magistere.economie.u-bordeaux.fr\/?page_id=1169","title":{"rendered":"Le MAGEFI"},"content":{"rendered":"\n<div style=\"text-align:justify\">\n<p>Le MAGEFI est la formation historique de l\u2019Universit\u00e9 de Bordeaux. Elle offre des connaissances de pointe menant aux m\u00e9tiers de la banque, de la finance et du commerce international. La sp\u00e9cialisation s\u2019effectue en 3\u00e8me ann\u00e9e avec le choix d\u2019un parcours de Master 2 entre : <\/p>\n<\/p> &#8211; Banque, Finance et N\u00e9goce International\n<\/p> &#8211; Finance Verte\n<\/p> &#8211; Commerce et Strat\u00e9gies Internationales\n<\/p> &#8211; \u00c9conomie, Banque, Finance Internationale\n<\/p> &#8211; Finance (master IAE)\n<\/p> &#8211; Finance Quantitative et Actuariat (master IREF)\n\n\n\n<figure class=\"wp-block-gallery has-nested-images columns-default is-cropped wp-block-gallery-1 is-layout-flex wp-block-gallery-is-layout-flex\">\n<figure class=\"wp-block-image size-large\"><img fetchpriority=\"high\" decoding=\"async\" width=\"623\" height=\"407\" data-id=\"1173\" src=\"http:\/\/magistere.economie.u-bordeaux.fr\/wp-content\/uploads\/sites\/4\/2021\/02\/img1-page-magefi.jpg\" alt=\"\" class=\"wp-image-1173\" srcset=\"https:\/\/magistere.economie.u-bordeaux.fr\/wp-content\/uploads\/2021\/02\/img1-page-magefi.jpg 623w, https:\/\/magistere.economie.u-bordeaux.fr\/wp-content\/uploads\/2021\/02\/img1-page-magefi-300x196.jpg 300w\" sizes=\"(max-width: 623px) 100vw, 623px\" \/><\/figure>\n\n\n\n<figure class=\"wp-block-image size-large\"><img decoding=\"async\" width=\"825\" height=\"413\" data-id=\"1174\" src=\"http:\/\/magistere.economie.u-bordeaux.fr\/wp-content\/uploads\/sites\/4\/2021\/02\/img2-page-magefi.jpg\" alt=\"\" class=\"wp-image-1174\" srcset=\"https:\/\/magistere.economie.u-bordeaux.fr\/wp-content\/uploads\/2021\/02\/img2-page-magefi.jpg 825w, https:\/\/magistere.economie.u-bordeaux.fr\/wp-content\/uploads\/2021\/02\/img2-page-magefi-300x150.jpg 300w, https:\/\/magistere.economie.u-bordeaux.fr\/wp-content\/uploads\/2021\/02\/img2-page-magefi-768x384.jpg 768w\" sizes=\"(max-width: 825px) 100vw, 825px\" \/><\/figure>\n<\/figure>\n\n\n\n<div style=\"height:32px\" aria-hidden=\"true\" class=\"wp-block-spacer\"><\/div>\n\n\n\n<div style=\"text-align:justify\">\n<p>Le MAGEFI conduit \u00e0 un grand nombre de <strong>m\u00e9tiers<\/strong> : analyste financier, asset manager, risk manager, auditeur, consultant, \u00e9conomiste bancaire, responsable export, conjoncturiste, responsable de veille \u00e9conomique, charg\u00e9 de projet, chercheur en sciences \u00e9conomiques (\u00e9conomie internationale, finance et macro\u00e9conomie), journaliste \u00e9conomique, etc. Les <strong>d\u00e9bouch\u00e9s<\/strong> sont vari\u00e9s: entreprises nationales ou multinationales, institutions financi\u00e8res (banques, fonds d\u2019investissement, soci\u00e9t\u00e9 de courtage), cabinets d\u2019\u00e9tude et de conseil, Banque Centrale Europ\u00e9enne, organes de r\u00e9gulation financi\u00e8re, organisations internationales, centres de recherche, instituts de pr\u00e9vision, instituts de statistique, m\u00e9dias. <\/p><\/div>\n\n\n\n<div class=\"wp-block-group\"><div class=\"wp-block-group__inner-container is-layout-flow wp-block-group-is-layout-flow\">\n<p><\/p>\n<\/div><\/div>\n\n\n\n<div style=\"text-align:justify\">\n\n<p>Le cursus comprend un grand nombre de cours sp\u00e9cifiques et d\u2019interventions professionnelles dans les domaines suivants :<\/p>\n\n<\/p> &#8211; Des cours orient\u00e9s en <strong>\u00c9conomie et Finance internationales<\/strong> : Macro\u00e9conomie internationale, Croissance, crises et d\u00e9veloppement durable, Finance Internationale, Financement des pays \u00e9mergents, Investissements directs \u00e9trangers, Commerce international, Organisation des \u00e9changes mondiaux, Interd\u00e9pendances et comportements strat\u00e9giques, Int\u00e9gration \u00e9conomique et mon\u00e9taire, R\u00e9gulation \u00e9conomique et financi\u00e8re, Mod\u00e9lisation macro\u00e9conomique et \u00e9conom\u00e9trie appliqu\u00e9e.<\/p>\n\n<\/p>&#8211; Des cours orient\u00e9s en <strong>Finance<\/strong> : Finance de march\u00e9, Finance d\u2019entreprise, Analyse financi\u00e8re, Th\u00e9orie de portefeuille, Gestion des risques, March\u00e9s financiers, March\u00e9s des mati\u00e8res premi\u00e8res, Valorisation d\u2019actifs, Fiscalit\u00e9 et droit des op\u00e9rations financi\u00e8res, Fusions et Acquisitions, Fintech, Capital Investment and Private Equity, Finance durable.<\/p>\n\n<\/p>&#8211; Des cours <strong>outils<\/strong>: Anglais, Soft skills, Optimisation statique et dynamique, Calcul stochastique et actuariat, VBA &amp; Pyton appliqu\u00e9s \u00e0 la Finance, Th\u00e9orie des jeux, Macrosimulations et \u00e9valuation de politiques macro\u00e9conomiques, Mod\u00e9lisation en \u00e9quilibre g\u00e9n\u00e9ral dynamique stochastique, \u00c9conom\u00e9trie des donn\u00e9es de panel, \u00c9conom\u00e9trie financi\u00e8re, Outils de pr\u00e9vision \u00e9conomique.<\/p>\n\n<\/p> Ces cours incluent dans une large mesure l\u2019intervention de professionnels issus de diverses entreprises partenaires: NATIXIS Global Asset Management, Amundi, COFACE, Bpifrance, Pro BTP France, LGT Vestra, Fitch Ratings, CACEIS Investor Services, Spencer Stuart Singapore, Euler Hermes Global, Siparex Group, Crowe Global, European Central Bank, Banque de France\u2026\n\n\n\n<div class=\"wp-block-group\"><div class=\"wp-block-group__inner-container is-layout-flow wp-block-group-is-layout-flow\">\n<p><\/p>\n<\/div><\/div>\n\n\n\n<figure class=\"wp-block-image size-large\"><img decoding=\"async\" width=\"1124\" height=\"420\" src=\"http:\/\/magistere.economie.u-bordeaux.fr\/wp-content\/uploads\/sites\/4\/2022\/04\/PARTENAIRES-MAGEFI-1124x420.png\" alt=\"\" class=\"wp-image-1792\" srcset=\"https:\/\/magistere.economie.u-bordeaux.fr\/wp-content\/uploads\/2022\/04\/PARTENAIRES-MAGEFI-1124x420.png 1124w, https:\/\/magistere.economie.u-bordeaux.fr\/wp-content\/uploads\/2022\/04\/PARTENAIRES-MAGEFI-350x131.png 350w, https:\/\/magistere.economie.u-bordeaux.fr\/wp-content\/uploads\/2022\/04\/PARTENAIRES-MAGEFI-768x287.png 768w, https:\/\/magistere.economie.u-bordeaux.fr\/wp-content\/uploads\/2022\/04\/PARTENAIRES-MAGEFI-1536x574.png 1536w, https:\/\/magistere.economie.u-bordeaux.fr\/wp-content\/uploads\/2022\/04\/PARTENAIRES-MAGEFI.png 2024w\" sizes=\"(max-width: 1124px) 100vw, 1124px\" \/><\/figure>\n","protected":false},"excerpt":{"rendered":"<p>Le MAGEFI est la formation historique de l\u2019Universit\u00e9 de Bordeaux. Elle offre des connaissances de pointe menant aux m\u00e9tiers de la banque, de la finance et du commerce international. La sp\u00e9cialisation s\u2019effectue en 3\u00e8me ann\u00e9e avec le choix d\u2019un parcours de Master 2 entre : &#8211; Banque, Finance et N\u00e9goce [&hellip;]<\/p>\n","protected":false},"author":4,"featured_media":0,"parent":36,"menu_order":0,"comment_status":"closed","ping_status":"closed","template":"page-templates\/template-fullwidth.php","meta":{"footnotes":""},"class_list":["post-1169","page","type-page","status-publish","hentry"],"_links":{"self":[{"href":"https:\/\/magistere.economie.u-bordeaux.fr\/index.php?rest_route=\/wp\/v2\/pages\/1169","targetHints":{"allow":["GET"]}}],"collection":[{"href":"https:\/\/magistere.economie.u-bordeaux.fr\/index.php?rest_route=\/wp\/v2\/pages"}],"about":[{"href":"https:\/\/magistere.economie.u-bordeaux.fr\/index.php?rest_route=\/wp\/v2\/types\/page"}],"author":[{"embeddable":true,"href":"https:\/\/magistere.economie.u-bordeaux.fr\/index.php?rest_route=\/wp\/v2\/users\/4"}],"replies":[{"embeddable":true,"href":"https:\/\/magistere.economie.u-bordeaux.fr\/index.php?rest_route=%2Fwp%2Fv2%2Fcomments&post=1169"}],"version-history":[{"count":42,"href":"https:\/\/magistere.economie.u-bordeaux.fr\/index.php?rest_route=\/wp\/v2\/pages\/1169\/revisions"}],"predecessor-version":[{"id":2720,"href":"https:\/\/magistere.economie.u-bordeaux.fr\/index.php?rest_route=\/wp\/v2\/pages\/1169\/revisions\/2720"}],"up":[{"embeddable":true,"href":"https:\/\/magistere.economie.u-bordeaux.fr\/index.php?rest_route=\/wp\/v2\/pages\/36"}],"wp:attachment":[{"href":"https:\/\/magistere.economie.u-bordeaux.fr\/index.php?rest_route=%2Fwp%2Fv2%2Fmedia&parent=1169"}],"curies":[{"name":"wp","href":"https:\/\/api.w.org\/{rel}","templated":true}]}}