{"id":390,"date":"2019-10-27T16:27:27","date_gmt":"2019-10-27T15:27:27","guid":{"rendered":"http:\/\/magefi.economie.u-bordeaux.fr\/?page_id=390"},"modified":"2025-04-13T14:15:42","modified_gmt":"2025-04-13T12:15:42","slug":"evenements","status":"publish","type":"page","link":"https:\/\/magistere.economie.u-bordeaux.fr\/?page_id=390","title":{"rendered":"Ev\u00e9nements"},"content":{"rendered":"\n<div style=\"text-align:justify\"> <p> Diff\u00e9rents \u00e9v\u00e8nements rythment la vie du magist\u00e8re. Ces \u00e9v\u00e8nements sont possibles gr\u00e2ce \u00e0 l\u2019implication de l\u2019ensemble des \u00e9tudiants et \u00e0 l\u2019existence de l\u2019association du MAGECO. <br> <br>\n<strong> Le week-end d\u2019int\u00e9gration  <\/strong> <br>\nLe WEI a lieu chaque ann\u00e9e au cours d\u2019un week-end du mois de septembre. Les objectifs principaux de ce week-end sont la rencontre entre les diff\u00e9rentes promotions et l\u2019int\u00e9gration des 1\u00e8re ann\u00e9es. Organis\u00e9 par les promotions suivantes, le WEI s\u2019articule autour de plusieurs activit\u00e9s au cours de la journ\u00e9e et bien s\u00fbr de soir\u00e9es&#8230;<br> <br>\n <\/p> <\/div>\n\n\n\n<figure class=\"wp-block-gallery has-nested-images columns-default is-cropped wp-block-gallery-1 is-layout-flex wp-block-gallery-is-layout-flex\">\n<figure class=\"wp-block-image size-large\"><img fetchpriority=\"high\" decoding=\"async\" width=\"1024\" height=\"768\" data-id=\"1527\" src=\"http:\/\/magistere.economie.u-bordeaux.fr\/wp-content\/uploads\/sites\/4\/2022\/01\/272854217_338236894824895_1586559713982470603_n-1024x768.jpg\" alt=\"\" class=\"wp-image-1527\" srcset=\"https:\/\/magistere.economie.u-bordeaux.fr\/wp-content\/uploads\/2022\/01\/272854217_338236894824895_1586559713982470603_n-1024x768.jpg 1024w, https:\/\/magistere.economie.u-bordeaux.fr\/wp-content\/uploads\/2022\/01\/272854217_338236894824895_1586559713982470603_n-300x225.jpg 300w, https:\/\/magistere.economie.u-bordeaux.fr\/wp-content\/uploads\/2022\/01\/272854217_338236894824895_1586559713982470603_n-768x576.jpg 768w, https:\/\/magistere.economie.u-bordeaux.fr\/wp-content\/uploads\/2022\/01\/272854217_338236894824895_1586559713982470603_n-1536x1152.jpg 1536w, https:\/\/magistere.economie.u-bordeaux.fr\/wp-content\/uploads\/2022\/01\/272854217_338236894824895_1586559713982470603_n-2048x1536.jpg 2048w\" sizes=\"(max-width: 1024px) 100vw, 1024px\" \/><\/figure>\n\n\n\n<figure class=\"wp-block-image size-large\"><img decoding=\"async\" width=\"1124\" height=\"759\" data-id=\"2086\" src=\"http:\/\/magistere.economie.u-bordeaux.fr\/wp-content\/uploads\/sites\/4\/2022\/11\/bc3e9b2a-6fd0-4dbc-af3f-899901d0139f-1124x759.jpg\" alt=\"\" class=\"wp-image-2086\" srcset=\"https:\/\/magistere.economie.u-bordeaux.fr\/wp-content\/uploads\/2022\/11\/bc3e9b2a-6fd0-4dbc-af3f-899901d0139f-1124x759.jpg 1124w, https:\/\/magistere.economie.u-bordeaux.fr\/wp-content\/uploads\/2022\/11\/bc3e9b2a-6fd0-4dbc-af3f-899901d0139f-350x236.jpg 350w, https:\/\/magistere.economie.u-bordeaux.fr\/wp-content\/uploads\/2022\/11\/bc3e9b2a-6fd0-4dbc-af3f-899901d0139f-768x519.jpg 768w, https:\/\/magistere.economie.u-bordeaux.fr\/wp-content\/uploads\/2022\/11\/bc3e9b2a-6fd0-4dbc-af3f-899901d0139f-1536x1038.jpg 1536w, https:\/\/magistere.economie.u-bordeaux.fr\/wp-content\/uploads\/2022\/11\/bc3e9b2a-6fd0-4dbc-af3f-899901d0139f.jpg 1600w\" sizes=\"(max-width: 1124px) 100vw, 1124px\" \/><\/figure>\n\n\n\n<figure class=\"wp-block-image size-large\"><img decoding=\"async\" data-id=\"1800\" src=\"https:\/\/magistere.economie.u-bordeaux.fr\/wp-content\/uploads\/sites\/4\/2022\/04\/271722389_473816427647480_2721257779065411048_n-edited.jpg\" alt=\"\" class=\"wp-image-1800\"\/><\/figure>\n<\/figure>\n\n\n\n<div style=\"height:36px\" aria-hidden=\"true\" class=\"wp-block-spacer\"><\/div>\n\n\n\n<div style=\"text-align:justify\"> <p>\nLe MAGECO rythme aussi l&rsquo;ann\u00e9e avec ses soir\u00e9es comme celle de pr\u00e9-int\u00e9gration ou encore halloween.\n<\/p> <\/div>\n\n\n\n<figure class=\"wp-block-gallery has-nested-images columns-default is-cropped wp-block-gallery-2 is-layout-flex wp-block-gallery-is-layout-flex\">\n<figure class=\"wp-block-image size-large\"><img decoding=\"async\" width=\"1124\" height=\"843\" data-id=\"2105\" src=\"http:\/\/magistere.economie.u-bordeaux.fr\/wp-content\/uploads\/sites\/4\/2022\/11\/WhatsApp-Image-2022-11-18-at-14.08.46-1124x843.jpeg\" alt=\"\" class=\"wp-image-2105\" srcset=\"https:\/\/magistere.economie.u-bordeaux.fr\/wp-content\/uploads\/2022\/11\/WhatsApp-Image-2022-11-18-at-14.08.46-1124x843.jpeg 1124w, https:\/\/magistere.economie.u-bordeaux.fr\/wp-content\/uploads\/2022\/11\/WhatsApp-Image-2022-11-18-at-14.08.46-350x263.jpeg 350w, https:\/\/magistere.economie.u-bordeaux.fr\/wp-content\/uploads\/2022\/11\/WhatsApp-Image-2022-11-18-at-14.08.46-768x576.jpeg 768w, https:\/\/magistere.economie.u-bordeaux.fr\/wp-content\/uploads\/2022\/11\/WhatsApp-Image-2022-11-18-at-14.08.46-1536x1152.jpeg 1536w, https:\/\/magistere.economie.u-bordeaux.fr\/wp-content\/uploads\/2022\/11\/WhatsApp-Image-2022-11-18-at-14.08.46.jpeg 2048w\" sizes=\"(max-width: 1124px) 100vw, 1124px\" \/><\/figure>\n\n\n\n<figure class=\"wp-block-image size-large\"><img loading=\"lazy\" decoding=\"async\" width=\"693\" height=\"924\" data-id=\"2107\" src=\"http:\/\/magistere.economie.u-bordeaux.fr\/wp-content\/uploads\/sites\/4\/2022\/11\/Calque-dimage-693x924.png\" alt=\"\" class=\"wp-image-2107\" srcset=\"https:\/\/magistere.economie.u-bordeaux.fr\/wp-content\/uploads\/2022\/11\/Calque-dimage-693x924.png 693w, https:\/\/magistere.economie.u-bordeaux.fr\/wp-content\/uploads\/2022\/11\/Calque-dimage-263x350.png 263w, https:\/\/magistere.economie.u-bordeaux.fr\/wp-content\/uploads\/2022\/11\/Calque-dimage-768x1024.png 768w, https:\/\/magistere.economie.u-bordeaux.fr\/wp-content\/uploads\/2022\/11\/Calque-dimage-1152x1536.png 1152w, https:\/\/magistere.economie.u-bordeaux.fr\/wp-content\/uploads\/2022\/11\/Calque-dimage.png 1500w\" sizes=\"(max-width: 693px) 100vw, 693px\" \/><\/figure>\n\n\n\n<figure class=\"wp-block-image size-large\"><img loading=\"lazy\" decoding=\"async\" width=\"693\" height=\"924\" data-id=\"2106\" src=\"http:\/\/magistere.economie.u-bordeaux.fr\/wp-content\/uploads\/sites\/4\/2022\/11\/WhatsApp-Image-2022-11-18-at-14.08.47-693x924.jpeg\" alt=\"\" class=\"wp-image-2106\" srcset=\"https:\/\/magistere.economie.u-bordeaux.fr\/wp-content\/uploads\/2022\/11\/WhatsApp-Image-2022-11-18-at-14.08.47-693x924.jpeg 693w, https:\/\/magistere.economie.u-bordeaux.fr\/wp-content\/uploads\/2022\/11\/WhatsApp-Image-2022-11-18-at-14.08.47-263x350.jpeg 263w, https:\/\/magistere.economie.u-bordeaux.fr\/wp-content\/uploads\/2022\/11\/WhatsApp-Image-2022-11-18-at-14.08.47-768x1024.jpeg 768w, https:\/\/magistere.economie.u-bordeaux.fr\/wp-content\/uploads\/2022\/11\/WhatsApp-Image-2022-11-18-at-14.08.47-1152x1536.jpeg 1152w, https:\/\/magistere.economie.u-bordeaux.fr\/wp-content\/uploads\/2022\/11\/WhatsApp-Image-2022-11-18-at-14.08.47.jpeg 1536w\" sizes=\"(max-width: 693px) 100vw, 693px\" \/><\/figure>\n<\/figure>\n\n\n\n<div style=\"text-align:justify\"> <p><br> \n<strong> Le Magist\u00e9rium <\/strong> <br> \nCr\u00e9\u00e9 en 2012, le Magist\u00e9rium est un \u00e9v\u00e8nement sportif et festif qui regroupe chaque ann\u00e9e de plus en plus de magist\u00e8res de France au cours d\u2019un week-end de mars. Chacune des \u00e9ditions du Magist\u00e9rium est organis\u00e9e dans la ville d\u2019un des magist\u00e8res et comporte des activit\u00e9s diverses (sportives: futsal, volley, handball, basket\u2026; \u00ab\u00a0artistiques\u00a0\u00bb: chor\u00e9graphie, comp\u00e9tition de pom pom girls, &#8230;; concours d\u2019\u00e9loquence; et autres \u00e9preuves selon les \u00e9ditions) qui visent \u00e0 mettre en comp\u00e9tition tous les magist\u00e8res. \n<br> <br><\/p><\/div>\n\n\n<div class=\"wp-block-image\">\n<figure class=\"aligncenter size-large is-resized\"><img loading=\"lazy\" decoding=\"async\" width=\"1124\" height=\"554\" src=\"https:\/\/magistere.economie.u-bordeaux.fr\/wp-content\/uploads\/sites\/4\/2022\/04\/55564235_2228910223865597_3022923056667426816_n-1124x554.jpg\" alt=\"\" class=\"wp-image-1732\" style=\"width:605px;height:299px\" srcset=\"https:\/\/magistere.economie.u-bordeaux.fr\/wp-content\/uploads\/2022\/04\/55564235_2228910223865597_3022923056667426816_n-1124x554.jpg 1124w, https:\/\/magistere.economie.u-bordeaux.fr\/wp-content\/uploads\/2022\/04\/55564235_2228910223865597_3022923056667426816_n-350x172.jpg 350w, https:\/\/magistere.economie.u-bordeaux.fr\/wp-content\/uploads\/2022\/04\/55564235_2228910223865597_3022923056667426816_n-768x378.jpg 768w, https:\/\/magistere.economie.u-bordeaux.fr\/wp-content\/uploads\/2022\/04\/55564235_2228910223865597_3022923056667426816_n-1536x757.jpg 1536w, https:\/\/magistere.economie.u-bordeaux.fr\/wp-content\/uploads\/2022\/04\/55564235_2228910223865597_3022923056667426816_n-2048x1009.jpg 2048w\" sizes=\"(max-width: 1124px) 100vw, 1124px\" \/><\/figure>\n<\/div>\n\n<\/p>\n\n\n<p><strong>Les Afterworks<\/strong><br><br>Deux \u00e9v\u00e8nements Afterworks ont lieu chaque ann\u00e9e au sein du magist\u00e8re. Qu\u2019ils soient organis\u00e9s \u00e0 Bordeaux ou \u00e0 Paris, les Afterworks sont l\u2019occasion pour toutes les promotions du magit\u00e8re de rencontrer d&rsquo;anciens \u00e9tudiants, mais aussi des professionnels des m\u00e9tiers de l\u2019\u00e9conomie et de la finance.<\/p>\n\n\n<div class=\"wp-block-image\">\n<figure class=\"aligncenter size-large is-resized\"><img loading=\"lazy\" decoding=\"async\" width=\"1124\" height=\"843\" src=\"http:\/\/magistere.economie.u-bordeaux.fr\/wp-content\/uploads\/sites\/4\/2022\/11\/photo-afterwork-1124x843.jpg\" alt=\"\" class=\"wp-image-2087\" style=\"width:518px;height:auto\" srcset=\"https:\/\/magistere.economie.u-bordeaux.fr\/wp-content\/uploads\/2022\/11\/photo-afterwork-1124x843.jpg 1124w, https:\/\/magistere.economie.u-bordeaux.fr\/wp-content\/uploads\/2022\/11\/photo-afterwork-350x263.jpg 350w, https:\/\/magistere.economie.u-bordeaux.fr\/wp-content\/uploads\/2022\/11\/photo-afterwork-768x576.jpg 768w, https:\/\/magistere.economie.u-bordeaux.fr\/wp-content\/uploads\/2022\/11\/photo-afterwork-1536x1152.jpg 1536w, https:\/\/magistere.economie.u-bordeaux.fr\/wp-content\/uploads\/2022\/11\/photo-afterwork-2048x1536.jpg 2048w\" sizes=\"(max-width: 1124px) 100vw, 1124px\" \/><\/figure>\n<\/div>\n\n\n<p class=\"has-text-align-center\">.<\/p>\n","protected":false},"excerpt":{"rendered":"<p>Diff\u00e9rents \u00e9v\u00e8nements rythment la vie du magist\u00e8re. Ces \u00e9v\u00e8nements sont possibles gr\u00e2ce \u00e0 l\u2019implication de l\u2019ensemble des \u00e9tudiants et \u00e0 l\u2019existence de l\u2019association du MAGECO. Le week-end d\u2019int\u00e9gration Le WEI a lieu chaque ann\u00e9e au cours d\u2019un week-end du mois de septembre. Les objectifs principaux de ce week-end sont la [&hellip;]<\/p>\n","protected":false},"author":4,"featured_media":0,"parent":0,"menu_order":0,"comment_status":"closed","ping_status":"closed","template":"","meta":{"footnotes":""},"class_list":["post-390","page","type-page","status-publish","hentry"],"_links":{"self":[{"href":"https:\/\/magistere.economie.u-bordeaux.fr\/index.php?rest_route=\/wp\/v2\/pages\/390","targetHints":{"allow":["GET"]}}],"collection":[{"href":"https:\/\/magistere.economie.u-bordeaux.fr\/index.php?rest_route=\/wp\/v2\/pages"}],"about":[{"href":"https:\/\/magistere.economie.u-bordeaux.fr\/index.php?rest_route=\/wp\/v2\/types\/page"}],"author":[{"embeddable":true,"href":"https:\/\/magistere.economie.u-bordeaux.fr\/index.php?rest_route=\/wp\/v2\/users\/4"}],"replies":[{"embeddable":true,"href":"https:\/\/magistere.economie.u-bordeaux.fr\/index.php?rest_route=%2Fwp%2Fv2%2Fcomments&post=390"}],"version-history":[{"count":29,"href":"https:\/\/magistere.economie.u-bordeaux.fr\/index.php?rest_route=\/wp\/v2\/pages\/390\/revisions"}],"predecessor-version":[{"id":2520,"href":"https:\/\/magistere.economie.u-bordeaux.fr\/index.php?rest_route=\/wp\/v2\/pages\/390\/revisions\/2520"}],"wp:attachment":[{"href":"https:\/\/magistere.economie.u-bordeaux.fr\/index.php?rest_route=%2Fwp%2Fv2%2Fmedia&parent=390"}],"curies":[{"name":"wp","href":"https:\/\/api.w.org\/{rel}","templated":true}]}}