{"id":391,"date":"2025-04-13T17:09:32","date_gmt":"2025-04-13T15:09:32","guid":{"rendered":"http:\/\/magefi.economie.u-bordeaux.fr\/?page_id=391"},"modified":"2025-04-13T17:09:33","modified_gmt":"2025-04-13T15:09:33","slug":"business-trip","status":"publish","type":"page","link":"https:\/\/magistere.economie.u-bordeaux.fr\/?page_id=391","title":{"rendered":"Ouverture professionnelle"},"content":{"rendered":"\n<div style=\"text-align:justify\"> <p>\nLa formation inclut de nombreuses rencontres avec des professionnels. L&rsquo;id\u00e9e est d&rsquo;augmenter le degr\u00e9 d&rsquo;exposition au monde professionnel pour permettre aux \u00e9tudiants d&rsquo;acqu\u00e9rir des connaissances tr\u00e8s concr\u00e8tes et trouver leur voie.<\/li><\/ul> <br><br> \n\n<strong>Modules professionnels et conf\u00e9rences m\u00e9tiers<\/strong> <br><br>\n\nUn certains nombres de cours sont dispens\u00e9s par des professionnels, souvent des anciens de nos formations (Magist\u00e8re, Masters). Ils sont compl\u00e9t\u00e9s par des conf\u00e9rences m\u00e9tiers avec des intervenants travaillant en France ou \u00e0 l&rsquo;\u00e9tranger (\u00ab\u00a0Magist\u00e8re around the world\u00a0\u00bb). La liste des intervenants r\u00e9cents se trouvent dans: \n<span style=\"text-decoration: underline;\"><strong><a href=\"https:\/\/magistere.economie.u-bordeaux.fr\/?p=1677\">les pros \u00e0 Bordeaux<\/a><\/strong><\/span>. D&rsquo;autres <span style=\"text-decoration: underline;\"><strong><a href=\"https:\/\/magistere.economie.u-bordeaux.fr\/?p=2180\">\u00e9v\u00e8nements<\/a><\/strong><\/span> plus informels (after work, tables rondes) permettent \u00e9galement aux \u00e9tudiants de rencontrer les Alumnis ou des acteurs du monde \u00e9conomique et financier.<\/li><\/ul> <br><br> \n\n<strong>Field trip \/ Business trip<\/strong> <br><br>\n\nEn 3\u00e8me ann\u00e9e, le moment phare est l&rsquo;organisation du <span style=\"text-decoration: underline;\"><strong><a href=\"https:\/\/magistere.economie.u-bordeaux.fr\/?p=1665\">Field\/Business Trip <\/a><\/strong><\/span> en novembre. Il s&rsquo;agit de deux jours \u00e0 Paris avec des membres de l\u2019\u00e9quipe p\u00e9dagogique \u00e0 la rencontre du monde \u00e9conomique et du r\u00e9seau d\u2019anciens \u00e9l\u00e8ves du Magist\u00e8re. C\u2019est l\u2019occasion pour les \u00e9tudiants de s\u2019immerger dans des environnements professionnels vari\u00e9s et de mobiliser leurs connaissances pour donner le meilleur \u00ab sur le terrain \u00bb.<\/li><\/ul> <br><br>\n\nPour les MAGEVAL, le <strong>Field Trip<\/strong> propose une rencontre avec des experts d&rsquo;\u00e9valuation de politiques publiques ou de programmes de d\u00e9veloppement. Les visites r\u00e9centes comprennent diff\u00e9rents d\u00e9partements de l&rsquo;OCDE, l&rsquo;Agence Fran\u00e7aise de D\u00e9veloppement, le cabinet de conseil CITIZING. Beaucoup d&rsquo;autres organisations peuvent entrer dans le cadre de cette activit\u00e9 les ann\u00e9es \u00e0 venir, par exemple d&rsquo;autres organisations internationales (antenne de la Banque Mondiale), des instituts d\u2019analyse des politiques publiques (ex: d\u00e9partement des \u00e9tudes \u00e0 l\u2019OFCE), d\u00e9partements d\u2019\u00e9tude dans les minist\u00e8res (ex: la DREES au Minist\u00e8re des solidarit\u00e9s et de la sant\u00e9, la DARES au Minist\u00e8re du travail, la Direction g\u00e9n\u00e9rale du Tr\u00e9sor, le D\u00e9partement des Etudes de l\u2019INSEE, etc.), des ONG, etc.<\/li><\/ul> <br><br> \n\nPour le MAGEFI, le <strong>Business Trip<\/strong> propose une rencontre avec des professionnels de finance de march\u00e9, de finance d\u2019entreprise, de n\u00e9goce ou de conjoncture \u00e9conomique, sur leurs lieux de travail, afin de rendre tr\u00e8s concrets les m\u00e9tiers auquel le MAGEFI forme. Le s\u00e9jour consiste en une visite des locaux de grands groupes financiers (Soci\u00e9t\u00e9 G\u00e9n\u00e9rale, Euronext, Natixis, Amundi, Oddo, Groupe Caisse des d\u00e9p\u00f4ts, BNP Paribas, Montbleu finance, etc.), de cabinets d\u2019audit et de conseil (Deloitte sustainability), d&rsquo;entreprises du secteur des mati\u00e8res premi\u00e8res (ENGIE Global Energy Management Solutions), de la Banque de France, des organismes de pr\u00e9vision (d\u00e9partement conjoncture de l\u2019OFCE) et des entreprise de crowdfunding.\n<p><\/p> <\/div>\n\n\n<div class=\"wp-block-image\">\n<figure class=\"aligncenter size-large\"><img fetchpriority=\"high\" decoding=\"async\" width=\"1124\" height=\"681\" src=\"https:\/\/magistere.economie.u-bordeaux.fr\/wp-content\/uploads\/sites\/4\/2024\/07\/businesstrip2023-1124x681.jpg\" alt=\"\" class=\"wp-image-2299\" srcset=\"https:\/\/magistere.economie.u-bordeaux.fr\/wp-content\/uploads\/2024\/07\/businesstrip2023-1124x681.jpg 1124w, https:\/\/magistere.economie.u-bordeaux.fr\/wp-content\/uploads\/2024\/07\/businesstrip2023-350x212.jpg 350w, https:\/\/magistere.economie.u-bordeaux.fr\/wp-content\/uploads\/2024\/07\/businesstrip2023-768x466.jpg 768w, https:\/\/magistere.economie.u-bordeaux.fr\/wp-content\/uploads\/2024\/07\/businesstrip2023-1536x931.jpg 1536w, https:\/\/magistere.economie.u-bordeaux.fr\/wp-content\/uploads\/2024\/07\/businesstrip2023-2048x1242.jpg 2048w\" sizes=\"(max-width: 1124px) 100vw, 1124px\" \/><figcaption class=\"wp-element-caption\">Deux jours de visites et une soir\u00e9e conviviale<\/figcaption><\/figure>\n<\/div>","protected":false},"excerpt":{"rendered":"<p>La formation inclut de nombreuses rencontres avec des professionnels. L&rsquo;id\u00e9e est d&rsquo;augmenter le degr\u00e9 d&rsquo;exposition au monde professionnel pour permettre aux \u00e9tudiants d&rsquo;acqu\u00e9rir des connaissances tr\u00e8s concr\u00e8tes et trouver leur voie. Modules professionnels et conf\u00e9rences m\u00e9tiers Un certains nombres de cours sont dispens\u00e9s par des professionnels, souvent des anciens de [&hellip;]<\/p>\n","protected":false},"author":1,"featured_media":2094,"parent":0,"menu_order":0,"comment_status":"closed","ping_status":"closed","template":"page-templates\/template-fullwidth.php","meta":{"footnotes":""},"class_list":["post-391","page","type-page","status-publish","has-post-thumbnail","hentry"],"_links":{"self":[{"href":"https:\/\/magistere.economie.u-bordeaux.fr\/index.php?rest_route=\/wp\/v2\/pages\/391","targetHints":{"allow":["GET"]}}],"collection":[{"href":"https:\/\/magistere.economie.u-bordeaux.fr\/index.php?rest_route=\/wp\/v2\/pages"}],"about":[{"href":"https:\/\/magistere.economie.u-bordeaux.fr\/index.php?rest_route=\/wp\/v2\/types\/page"}],"author":[{"embeddable":true,"href":"https:\/\/magistere.economie.u-bordeaux.fr\/index.php?rest_route=\/wp\/v2\/users\/1"}],"replies":[{"embeddable":true,"href":"https:\/\/magistere.economie.u-bordeaux.fr\/index.php?rest_route=%2Fwp%2Fv2%2Fcomments&post=391"}],"version-history":[{"count":23,"href":"https:\/\/magistere.economie.u-bordeaux.fr\/index.php?rest_route=\/wp\/v2\/pages\/391\/revisions"}],"predecessor-version":[{"id":2586,"href":"https:\/\/magistere.economie.u-bordeaux.fr\/index.php?rest_route=\/wp\/v2\/pages\/391\/revisions\/2586"}],"wp:featuredmedia":[{"embeddable":true,"href":"https:\/\/magistere.economie.u-bordeaux.fr\/index.php?rest_route=\/wp\/v2\/media\/2094"}],"wp:attachment":[{"href":"https:\/\/magistere.economie.u-bordeaux.fr\/index.php?rest_route=%2Fwp%2Fv2%2Fmedia&parent=391"}],"curies":[{"name":"wp","href":"https:\/\/api.w.org\/{rel}","templated":true}]}}