{"id":445,"date":"2019-10-29T16:14:29","date_gmt":"2019-10-29T15:14:29","guid":{"rendered":"http:\/\/magefi.economie.u-bordeaux.fr\/?page_id=445"},"modified":"2022-11-18T00:24:00","modified_gmt":"2022-11-17T23:24:00","slug":"promo-2019","status":"publish","type":"page","link":"https:\/\/magistere.economie.u-bordeaux.fr\/?page_id=445","title":{"rendered":"Promotion 2022"},"content":{"rendered":"\n<ul class=\"wp-block-gallery columns-4 is-cropped\">\n\n<li class=\"blocks-gallery-item\"><figure><a href=\"https:\/\/www.linkedin.com\/in\/coraline-beccegato-878b27175\/\"><img fetchpriority=\"high\" decoding=\"async\" width=\"759\" height=\"1024\" src=\"http:\/\/magefi.economie.u-bordeaux.fr\/wp-content\/uploads\/sites\/4\/2019\/11\/BECCEGATO-Coraline-759x1024.png\" alt=\"\" data-id=\"591\" data-link=\"http:\/\/magefi.economie.u-bordeaux.fr\/promo-2019\/beccegato-coraline\/\" class=\"wp-image-591\" srcset=\"https:\/\/magistere.economie.u-bordeaux.fr\/wp-content\/uploads\/2019\/11\/BECCEGATO-Coraline-759x1024.png 759w, https:\/\/magistere.economie.u-bordeaux.fr\/wp-content\/uploads\/2019\/11\/BECCEGATO-Coraline-222x300.png 222w, https:\/\/magistere.economie.u-bordeaux.fr\/wp-content\/uploads\/2019\/11\/BECCEGATO-Coraline-768x1037.png 768w, https:\/\/magistere.economie.u-bordeaux.fr\/wp-content\/uploads\/2019\/11\/BECCEGATO-Coraline.png 1200w\" sizes=\"(max-width: 759px) 100vw, 759px\" \/><\/a><figcaption>BECCEGATO Coraline<\/figcaption><\/figure><\/li>\n\n<li class=\"blocks-gallery-item\"><figure><a href=\"https:\/\/www.linkedin.com\/in\/maxime-garcia-398253198\/\"><img decoding=\"async\" width=\"759\" height=\"1024\" src=\"http:\/\/magefi.economie.u-bordeaux.fr\/wp-content\/uploads\/sites\/4\/2019\/11\/GARCIA-Maxime-759x1024.png\" alt=\"\" data-id=\"593\" data-link=\"http:\/\/magefi.economie.u-bordeaux.fr\/promo-2019\/garcia-maxime\/\" class=\"wp-image-593\" srcset=\"https:\/\/magistere.economie.u-bordeaux.fr\/wp-content\/uploads\/2019\/11\/GARCIA-Maxime-759x1024.png 759w, https:\/\/magistere.economie.u-bordeaux.fr\/wp-content\/uploads\/2019\/11\/GARCIA-Maxime-222x300.png 222w, https:\/\/magistere.economie.u-bordeaux.fr\/wp-content\/uploads\/2019\/11\/GARCIA-Maxime-768x1037.png 768w, https:\/\/magistere.economie.u-bordeaux.fr\/wp-content\/uploads\/2019\/11\/GARCIA-Maxime.png 1200w\" sizes=\"(max-width: 759px) 100vw, 759px\" \/><\/a><figcaption>GARCIA Maxime<\/figcaption><\/figure><\/li>\n\n<li class=\"blocks-gallery-item\"><figure><a href=\"https:\/\/www.linkedin.com\/in\/liane-guernic-284791193\/\"><img decoding=\"async\" width=\"759\" height=\"1024\" src=\"http:\/\/magefi.economie.u-bordeaux.fr\/wp-content\/uploads\/sites\/4\/2019\/11\/GUERNIC-Liane-759x1024.png\" alt=\"\" data-id=\"594\" data-link=\"http:\/\/magefi.economie.u-bordeaux.fr\/promo-2019\/guernic-liane\/\" class=\"wp-image-594\" srcset=\"https:\/\/magistere.economie.u-bordeaux.fr\/wp-content\/uploads\/2019\/11\/GUERNIC-Liane-759x1024.png 759w, https:\/\/magistere.economie.u-bordeaux.fr\/wp-content\/uploads\/2019\/11\/GUERNIC-Liane-222x300.png 222w, https:\/\/magistere.economie.u-bordeaux.fr\/wp-content\/uploads\/2019\/11\/GUERNIC-Liane-768x1037.png 768w, https:\/\/magistere.economie.u-bordeaux.fr\/wp-content\/uploads\/2019\/11\/GUERNIC-Liane.png 1200w\" sizes=\"(max-width: 759px) 100vw, 759px\" \/><\/a><figcaption>GUERNIC Liane<\/figcaption><\/figure><\/li>\n\n<li class=\"blocks-gallery-item\"><figure><a href=\"https:\/\/www.linkedin.com\/in\/maylis-lecomte-a17918197\/\"><img loading=\"lazy\" decoding=\"async\" width=\"759\" height=\"1024\" src=\"http:\/\/magefi.economie.u-bordeaux.fr\/wp-content\/uploads\/sites\/4\/2019\/11\/LECOMTE-Maylis-759x1024.png\" alt=\"\" data-id=\"595\" data-link=\"http:\/\/magefi.economie.u-bordeaux.fr\/promo-2019\/lecomte-maylis\/\" class=\"wp-image-595\" srcset=\"https:\/\/magistere.economie.u-bordeaux.fr\/wp-content\/uploads\/2019\/11\/LECOMTE-Maylis-759x1024.png 759w, https:\/\/magistere.economie.u-bordeaux.fr\/wp-content\/uploads\/2019\/11\/LECOMTE-Maylis-222x300.png 222w, https:\/\/magistere.economie.u-bordeaux.fr\/wp-content\/uploads\/2019\/11\/LECOMTE-Maylis-768x1037.png 768w, https:\/\/magistere.economie.u-bordeaux.fr\/wp-content\/uploads\/2019\/11\/LECOMTE-Maylis.png 1200w\" sizes=\"(max-width: 759px) 100vw, 759px\" \/><\/a><figcaption>LECOMTE Maylis<\/figcaption><\/figure><\/li>\n\n<\/ul>\n\n\n\n<ul class=\"wp-block-gallery columns-4 is-cropped\">\n\n<li class=\"blocks-gallery-item\"><figure><a href=\"https:\/\/www.linkedin.com\/in\/alexandre-leli\u00e8vre-b115396a\/\"><img decoding=\"async\" src=\"http:\/\/magistere.economie.u-bordeaux.fr\/wp-content\/uploads\/sites\/4\/2022\/11\/LELIEVRE-Alexandre.png\" alt=\"\" data-id=\"596\" data-link=\"http:\/\/magefi.economie.u-bordeaux.fr\/promo-2019\/lelievre-alexandre\/\" class=\"wp-image-596\"><\/a><figcaption>LELI\u00c8VRE Alexandre<\/figcaption><\/figure><\/li>\n\n<li class=\"blocks-gallery-item\"><figure><a href=\"https:\/\/www.linkedin.com\/in\/mathieu-lhairaud-0b6317185\/\"><img loading=\"lazy\" decoding=\"async\" width=\"759\" height=\"1024\" src=\"http:\/\/magefi.economie.u-bordeaux.fr\/wp-content\/uploads\/sites\/4\/2019\/11\/LHAIRAUD-Mathieu-759x1024.png\" alt=\"\" data-id=\"597\" data-link=\"http:\/\/magefi.economie.u-bordeaux.fr\/promo-2019\/lhairaud-mathieu\/\" class=\"wp-image-597\" srcset=\"https:\/\/magistere.economie.u-bordeaux.fr\/wp-content\/uploads\/2019\/11\/LHAIRAUD-Mathieu-759x1024.png 759w, https:\/\/magistere.economie.u-bordeaux.fr\/wp-content\/uploads\/2019\/11\/LHAIRAUD-Mathieu-222x300.png 222w, https:\/\/magistere.economie.u-bordeaux.fr\/wp-content\/uploads\/2019\/11\/LHAIRAUD-Mathieu-768x1037.png 768w, https:\/\/magistere.economie.u-bordeaux.fr\/wp-content\/uploads\/2019\/11\/LHAIRAUD-Mathieu.png 1200w\" sizes=\"(max-width: 759px) 100vw, 759px\" \/><\/a><figcaption>LHAIRAUD Mathieu<\/figcaption><\/figure><\/li>\n\n<li class=\"blocks-gallery-item\"><figure><a href=\"https:\/\/www.linkedin.com\/in\/cl\u00e9mence-maillol-0854a917b\"><img decoding=\"async\" src=\"http:\/\/magistere.economie.u-bordeaux.fr\/wp-content\/uploads\/sites\/4\/2022\/11\/MAILLOL-Clemence.jpg\" alt=\"\" data-id=\"616\" data-link=\"http:\/\/magefi.economie.u-bordeaux.fr\/promo-2019\/clemance-maillol\/\" class=\"wp-image-616\"><\/a><figcaption>MAILLOL Cl\u00e9mence<\/figcaption><\/figure><\/li>\n\n<li class=\"blocks-gallery-item\"><figure><a href=\"https:\/\/www.linkedin.com\/in\/cl\u00e9ment-mandouj-b59075145\/\"><img decoding=\"async\" src=\"http:\/\/magistere.economie.u-bordeaux.fr\/wp-content\/uploads\/sites\/4\/2022\/11\/MANDOUJ-Clement.png\" alt=\"\" data-id=\"599\" data-link=\"http:\/\/magefi.economie.u-bordeaux.fr\/promo-2019\/mandouj-clement\/\" class=\"wp-image-599\"><\/a><figcaption>MANDOUJ Cl\u00e9ment<\/figcaption><\/figure><\/li>\n\n<\/ul>\n\n\n\n<ul class=\"wp-block-gallery columns-4 is-cropped\">\n\n<li class=\"blocks-gallery-item\"><figure><a href=\"https:\/\/www.linkedin.com\/in\/charles-marcoux-35707b194\/\"><img loading=\"lazy\" decoding=\"async\" width=\"759\" height=\"1024\" src=\"http:\/\/magefi.economie.u-bordeaux.fr\/wp-content\/uploads\/sites\/4\/2019\/11\/MARCOUX-Charles-759x1024.png\" alt=\"\" data-id=\"600\" data-link=\"http:\/\/magefi.economie.u-bordeaux.fr\/promo-2019\/marcoux-charles\/\" class=\"wp-image-600\" srcset=\"https:\/\/magistere.economie.u-bordeaux.fr\/wp-content\/uploads\/2019\/11\/MARCOUX-Charles-759x1024.png 759w, https:\/\/magistere.economie.u-bordeaux.fr\/wp-content\/uploads\/2019\/11\/MARCOUX-Charles-222x300.png 222w, https:\/\/magistere.economie.u-bordeaux.fr\/wp-content\/uploads\/2019\/11\/MARCOUX-Charles-768x1037.png 768w, https:\/\/magistere.economie.u-bordeaux.fr\/wp-content\/uploads\/2019\/11\/MARCOUX-Charles.png 1200w\" sizes=\"(max-width: 759px) 100vw, 759px\" \/><\/a><figcaption>MARCOUX Charles<\/figcaption><\/figure><\/li>\n\n<li class=\"blocks-gallery-item\"><figure><a href=\"https:\/\/www.linkedin.com\/in\/adrien-maresca-06b503197\/\"><img loading=\"lazy\" decoding=\"async\" width=\"759\" height=\"1024\" src=\"http:\/\/magefi.economie.u-bordeaux.fr\/wp-content\/uploads\/sites\/4\/2019\/11\/MARESCA-Adrien-759x1024.png\" alt=\"\" data-id=\"601\" data-link=\"http:\/\/magefi.economie.u-bordeaux.fr\/promo-2019\/maresca-adrien\/\" class=\"wp-image-601\" srcset=\"https:\/\/magistere.economie.u-bordeaux.fr\/wp-content\/uploads\/2019\/11\/MARESCA-Adrien-759x1024.png 759w, https:\/\/magistere.economie.u-bordeaux.fr\/wp-content\/uploads\/2019\/11\/MARESCA-Adrien-222x300.png 222w, https:\/\/magistere.economie.u-bordeaux.fr\/wp-content\/uploads\/2019\/11\/MARESCA-Adrien-768x1037.png 768w, https:\/\/magistere.economie.u-bordeaux.fr\/wp-content\/uploads\/2019\/11\/MARESCA-Adrien.png 1200w\" sizes=\"(max-width: 759px) 100vw, 759px\" \/><\/a><figcaption>MARESCA DE ANTON Adrien<\/figcaption><\/figure><\/li>\n\n<li class=\"blocks-gallery-item\"><figure><a href=\"https:\/\/www.linkedin.com\/in\/tom-poughet-billet\/\"><img loading=\"lazy\" decoding=\"async\" width=\"759\" height=\"1024\" src=\"http:\/\/magefi.economie.u-bordeaux.fr\/wp-content\/uploads\/sites\/4\/2019\/11\/POUGHET-BILLET-Tom-759x1024.png\" alt=\"\" data-id=\"602\" data-link=\"http:\/\/magefi.economie.u-bordeaux.fr\/promo-2019\/poughet-billet-tom\/\" class=\"wp-image-602\" srcset=\"https:\/\/magistere.economie.u-bordeaux.fr\/wp-content\/uploads\/2019\/11\/POUGHET-BILLET-Tom-759x1024.png 759w, https:\/\/magistere.economie.u-bordeaux.fr\/wp-content\/uploads\/2019\/11\/POUGHET-BILLET-Tom-222x300.png 222w, https:\/\/magistere.economie.u-bordeaux.fr\/wp-content\/uploads\/2019\/11\/POUGHET-BILLET-Tom-768x1037.png 768w, https:\/\/magistere.economie.u-bordeaux.fr\/wp-content\/uploads\/2019\/11\/POUGHET-BILLET-Tom.png 1200w\" sizes=\"(max-width: 759px) 100vw, 759px\" \/><\/a><figcaption>POUGHET-BILLET Tom<\/figcaption><\/figure><\/li>\n\n<li class=\"blocks-gallery-item\"><figure><a href=\"https:\/\/www.linkedin.com\/in\/vincent-rangsith-564538197\/\"><img loading=\"lazy\" decoding=\"async\" width=\"759\" height=\"1024\" src=\"http:\/\/magefi.economie.u-bordeaux.fr\/wp-content\/uploads\/sites\/4\/2019\/11\/RANGSITH-Vincent-759x1024.png\" alt=\"\" data-id=\"604\" data-link=\"http:\/\/magefi.economie.u-bordeaux.fr\/promo-2019\/rangsith-vincent\/\" class=\"wp-image-604\" srcset=\"https:\/\/magistere.economie.u-bordeaux.fr\/wp-content\/uploads\/2019\/11\/RANGSITH-Vincent-759x1024.png 759w, https:\/\/magistere.economie.u-bordeaux.fr\/wp-content\/uploads\/2019\/11\/RANGSITH-Vincent-222x300.png 222w, https:\/\/magistere.economie.u-bordeaux.fr\/wp-content\/uploads\/2019\/11\/RANGSITH-Vincent-768x1037.png 768w, https:\/\/magistere.economie.u-bordeaux.fr\/wp-content\/uploads\/2019\/11\/RANGSITH-Vincent.png 1200w\" sizes=\"(max-width: 759px) 100vw, 759px\" \/><\/a><figcaption>RANGSITH Vincent<\/figcaption><\/figure><\/li>\n\n<\/ul>\n\n\n\n<ul class=\"wp-block-gallery columns-4 is-cropped\">\n\n<li class=\"blocks-gallery-item\"><figure><a href=\"https:\/\/www.linkedin.com\/in\/cl\u00e9mentine-rialland-846404197\/\"><img decoding=\"async\" src=\"http:\/\/magistere.economie.u-bordeaux.fr\/wp-content\/uploads\/sites\/4\/2022\/11\/RIALLAND-Clementine.png\" alt=\"\" data-id=\"605\" data-link=\"http:\/\/magefi.economie.u-bordeaux.fr\/promo-2019\/rialland-clementine\/\" class=\"wp-image-605\"><\/a><figcaption>RIALLAND Cl\u00e9mentine<br><\/figcaption><\/figure><\/li>\n\n<li class=\"blocks-gallery-item\"><figure><img loading=\"lazy\" decoding=\"async\" width=\"759\" height=\"1024\" src=\"http:\/\/magefi.economie.u-bordeaux.fr\/wp-content\/uploads\/sites\/4\/2019\/11\/IMG_1347-4-759x1024.jpg\" alt=\"\" data-id=\"542\" data-link=\"http:\/\/magefi.economie.u-bordeaux.fr\/promo-2017\/img_1347-4\/\" class=\"wp-image-542\" srcset=\"https:\/\/magistere.economie.u-bordeaux.fr\/wp-content\/uploads\/2019\/11\/IMG_1347-4-759x1024.jpg 759w, https:\/\/magistere.economie.u-bordeaux.fr\/wp-content\/uploads\/2019\/11\/IMG_1347-4-222x300.jpg 222w, https:\/\/magistere.economie.u-bordeaux.fr\/wp-content\/uploads\/2019\/11\/IMG_1347-4-768x1037.jpg 768w, https:\/\/magistere.economie.u-bordeaux.fr\/wp-content\/uploads\/2019\/11\/IMG_1347-4.jpg 1200w\" sizes=\"(max-width: 759px) 100vw, 759px\" \/><\/figure><\/li>\n\n<li class=\"blocks-gallery-item\"><figure><img loading=\"lazy\" decoding=\"async\" width=\"759\" height=\"1024\" src=\"http:\/\/magefi.economie.u-bordeaux.fr\/wp-content\/uploads\/sites\/4\/2019\/11\/IMG_1347-3-759x1024.jpg\" alt=\"\" data-id=\"541\" data-link=\"http:\/\/magefi.economie.u-bordeaux.fr\/promo-2017\/img_1347-3\/\" class=\"wp-image-541\" srcset=\"https:\/\/magistere.economie.u-bordeaux.fr\/wp-content\/uploads\/2019\/11\/IMG_1347-3-759x1024.jpg 759w, https:\/\/magistere.economie.u-bordeaux.fr\/wp-content\/uploads\/2019\/11\/IMG_1347-3-222x300.jpg 222w, https:\/\/magistere.economie.u-bordeaux.fr\/wp-content\/uploads\/2019\/11\/IMG_1347-3-768x1037.jpg 768w, https:\/\/magistere.economie.u-bordeaux.fr\/wp-content\/uploads\/2019\/11\/IMG_1347-3.jpg 1200w\" sizes=\"(max-width: 759px) 100vw, 759px\" \/><\/figure><\/li>\n\n<li class=\"blocks-gallery-item\"><figure><img loading=\"lazy\" decoding=\"async\" width=\"759\" height=\"1024\" src=\"http:\/\/magefi.economie.u-bordeaux.fr\/wp-content\/uploads\/sites\/4\/2019\/11\/IMG_1347-3-759x1024.jpg\" alt=\"\" data-id=\"541\" data-link=\"http:\/\/magefi.economie.u-bordeaux.fr\/promo-2017\/img_1347-3\/\" class=\"wp-image-541\" srcset=\"https:\/\/magistere.economie.u-bordeaux.fr\/wp-content\/uploads\/2019\/11\/IMG_1347-3-759x1024.jpg 759w, https:\/\/magistere.economie.u-bordeaux.fr\/wp-content\/uploads\/2019\/11\/IMG_1347-3-222x300.jpg 222w, https:\/\/magistere.economie.u-bordeaux.fr\/wp-content\/uploads\/2019\/11\/IMG_1347-3-768x1037.jpg 768w, https:\/\/magistere.economie.u-bordeaux.fr\/wp-content\/uploads\/2019\/11\/IMG_1347-3.jpg 1200w\" sizes=\"(max-width: 759px) 100vw, 759px\" \/><\/figure><\/li>\n\n<\/ul>\n","protected":false},"excerpt":{"rendered":"<p>BECCEGATO Coraline GARCIA Maxime GUERNIC Liane LECOMTE Maylis LELI\u00c8VRE Alexandre LHAIRAUD Mathieu MAILLOL Cl\u00e9mence MANDOUJ Cl\u00e9ment MARCOUX Charles MARESCA DE ANTON Adrien POUGHET-BILLET Tom RANGSITH Vincent RIALLAND Cl\u00e9mentine<\/p>\n","protected":false},"author":4,"featured_media":0,"parent":0,"menu_order":0,"comment_status":"closed","ping_status":"closed","template":"","meta":{"footnotes":""},"class_list":["post-445","page","type-page","status-publish","hentry"],"_links":{"self":[{"href":"https:\/\/magistere.economie.u-bordeaux.fr\/index.php?rest_route=\/wp\/v2\/pages\/445","targetHints":{"allow":["GET"]}}],"collection":[{"href":"https:\/\/magistere.economie.u-bordeaux.fr\/index.php?rest_route=\/wp\/v2\/pages"}],"about":[{"href":"https:\/\/magistere.economie.u-bordeaux.fr\/index.php?rest_route=\/wp\/v2\/types\/page"}],"author":[{"embeddable":true,"href":"https:\/\/magistere.economie.u-bordeaux.fr\/index.php?rest_route=\/wp\/v2\/users\/4"}],"replies":[{"embeddable":true,"href":"https:\/\/magistere.economie.u-bordeaux.fr\/index.php?rest_route=%2Fwp%2Fv2%2Fcomments&post=445"}],"version-history":[{"count":27,"href":"https:\/\/magistere.economie.u-bordeaux.fr\/index.php?rest_route=\/wp\/v2\/pages\/445\/revisions"}],"predecessor-version":[{"id":2071,"href":"https:\/\/magistere.economie.u-bordeaux.fr\/index.php?rest_route=\/wp\/v2\/pages\/445\/revisions\/2071"}],"wp:attachment":[{"href":"https:\/\/magistere.economie.u-bordeaux.fr\/index.php?rest_route=%2Fwp%2Fv2%2Fmedia&parent=445"}],"curies":[{"name":"wp","href":"https:\/\/api.w.org\/{rel}","templated":true}]}}